{"id":1219,"date":"2022-07-18T18:05:20","date_gmt":"2022-07-18T23:05:20","guid":{"rendered":"https:\/\/cherryhealth.org\/carreras\/puestos-de-trabajo-destacados-y-vacantes-inmediatas\/"},"modified":"2022-10-06T14:22:37","modified_gmt":"2022-10-06T19:22:37","slug":"puestos-de-trabajo-destacados-y-vacantes-inmediatas","status":"publish","type":"page","link":"https:\/\/cherryhealth.org\/es\/carreras\/puestos-de-trabajo-destacados-y-vacantes-inmediatas\/","title":{"rendered":"Puestos de trabajo destacados y vacantes inmediatas"},"content":{"rendered":"\r\n<section class=\"hero\" id=\"hero-block_62d62ff7cbcf7\">\r\n    <div class=\"hero-grid\">\r\n        <div class=\"hero-text\">\r\n                        <h1 class=\"hero-headline\">\r\n                                    <div class=\"hero-headline-pre\">Trabajos destacados &amp;<\/div>\r\n                                    <div class=\"hero-headline-large\">Ofertas de empleo inmediatas<\/div>\r\n                            <\/h1>\r\n                    <\/div>\r\n\r\n        \r\n    <\/div>\r\n<\/section>\n<section class=\"promo-grid\" id=\"promo-grid-block_62e01660a6f99\">\n\n    <div class=\"promo trigger\">\n                    <a class=\"promo-link\" target=\"_espacio en blanco\" href=\"https:\/\/recruiting.ultipro.com\/CHE1016CHRH\/JobBoard\/1f186dea-2980-4657-87a4-8979958b3564\" rel=\"noopener\">\n                    <div class=\"promo-contents\">\n                <h3 class=\"promo-headline\">Proveedores  <\/h3>\n                                <div class=\"promo-teaser\">\n                    Busque nuestras vacantes actuales para proveedores, incluyendo M\u00e9dicos, PAs, NPs, Optometristas, Dentistas, Farmac\u00e9uticos y m\u00e1s.                <\/div>\n                                <div class=\"promo-button\">\n                    <div class=\"button small teal\">\n                        <span class=\"button-text\">Ver ahora<\/span>\n                    <\/div>\n                <\/div>\n                            <\/div>\n                    <\/a>\n            <\/div>\n        <div class=\"promo trigger\">\n                    <a class=\"promo-link\" target=\"_espacio en blanco\" href=\"https:\/\/recruiting.ultipro.com\/CHE1016CHRH\/JobBoard\/75b1ebac-59b1-4df5-a633-c2d2154a0859\" rel=\"noopener\">\n                    <div class=\"promo-contents\">\n                <h3 class=\"promo-headline\">Profesionales cl\u00ednicos<\/h3>\n                                <div class=\"promo-teaser\">\n                    Busque nuestras vacantes actuales para personal con licencia cl\u00ednica, incluyendo psic\u00f3logos, trabajadores sociales, terapeutas, gestores de casos y m\u00e1s.                <\/div>\n                                <div class=\"promo-button\">\n                    <div class=\"button small teal\">\n                        <span class=\"button-text\">Ver ahora<\/span>\n                    <\/div>\n                <\/div>\n                            <\/div>\n                    <\/a>\n            <\/div>\n        <div class=\"promo trigger\">\n                    <a class=\"promo-link\" target=\"_espacio en blanco\" href=\"https:\/\/recruiting.ultipro.com\/CHE1016CHRH\/JobBoard\/1cf09e1e-5cab-4b99-8c12-d5bfac5755bf\" rel=\"noopener\">\n                    <div class=\"promo-contents\">\n                <h3 class=\"promo-headline\">Higienistas dentales\/Asistentes dentales\/T\u00e9cnicos farmac\u00e9uticos\/Opticos<\/h3>\n                                <div class=\"promo-teaser\">\n                    Busque nuestras vacantes actuales para higienistas dentales, asistentes dentales, t\u00e9cnicos de farmacia, \u00f3pticos y t\u00e9cnicos de optometr\u00eda.                <\/div>\n                                <div class=\"promo-button\">\n                    <div class=\"button small teal\">\n                        <span class=\"button-text\">Ver ahora<\/span>\n                    <\/div>\n                <\/div>\n                            <\/div>\n                    <\/a>\n            <\/div>\n        <div class=\"promo trigger\">\n                    <a class=\"promo-link\" target=\"_espacio en blanco\" href=\"https:\/\/recruiting.ultipro.com\/CHE1016CHRH\/JobBoard\/68a54e83-46a6-4f78-846c-791a269783b2\" rel=\"noopener\">\n                    <div class=\"promo-contents\">\n                <h3 class=\"promo-headline\">Asistentes m\u00e9dicos<\/h3>\n                                <div class=\"promo-teaser\">\n                    Busque nuestras vacantes actuales para Asistentes M\u00e9dicos.                <\/div>\n                                <div class=\"promo-button\">\n                    <div class=\"button small teal\">\n                        <span class=\"button-text\">Ver ahora<\/span>\n                    <\/div>\n                <\/div>\n                            <\/div>\n                    <\/a>\n            <\/div>\n        <div class=\"promo trigger\">\n                    <a class=\"promo-link\" target=\"_espacio en blanco\" href=\"https:\/\/recruiting.ultipro.com\/CHE1016CHRH\/JobBoard\/ea829a84-5d61-42c7-9208-95fd004682cd\" rel=\"noopener\">\n                    <div class=\"promo-contents\">\n                <h3 class=\"promo-headline\">Personal de atenci\u00f3n directa al paciente<\/h3>\n                                <div class=\"promo-teaser\">\n                    Busque nuestras vacantes actuales para personal de atenci\u00f3n directa en residencias (RCC), trabajadores sanitarios de la comunidad, especialistas en apoyo de parejas y m\u00e1s.                <\/div>\n                                <div class=\"promo-button\">\n                    <div class=\"button small teal\">\n                        <span class=\"button-text\">Ver ahora<\/span>\n                    <\/div>\n                <\/div>\n                            <\/div>\n                    <\/a>\n            <\/div>\n        <div class=\"promo trigger\">\n                    <a class=\"promo-link\" target=\"_espacio en blanco\" href=\"https:\/\/recruiting.ultipro.com\/CHE1016CHRH\/JobBoard\/63653c3d-c3b2-4e76-b309-fd8aa6b882b8\" rel=\"noopener\">\n                    <div class=\"promo-contents\">\n                <h3 class=\"promo-headline\">Enfermeras<\/h3>\n                                <div class=\"promo-teaser\">\n                    Busque nuestras vacantes actuales para enfermeras (LPNs y RNs).                <\/div>\n                                <div class=\"promo-button\">\n                    <div class=\"button small teal\">\n                        <span class=\"button-text\">Ver ahora<\/span>\n                    <\/div>\n                <\/div>\n                            <\/div>\n                    <\/a>\n            <\/div>\n        <div class=\"promo trigger\">\n                    <a class=\"promo-link\" target=\"_espacio en blanco\" href=\"https:\/\/recruiting.ultipro.com\/CHE1016CHRH\/JobBoard\/9c0f38ba-db43-49d1-a5fb-f3bd4bff23c4\" rel=\"noopener\">\n                    <div class=\"promo-contents\">\n                <h3 class=\"promo-headline\">Administrativo\/clerical  <\/h3>\n                                <div class=\"promo-teaser\">\n                    Busque nuestras vacantes actuales para personal administrativo y de oficina.                <\/div>\n                                <div class=\"promo-button\">\n                    <div class=\"button small teal\">\n                        <span class=\"button-text\">Ver ahora<\/span>\n                    <\/div>\n                <\/div>\n                            <\/div>\n                    <\/a>\n            <\/div>\n        <div class=\"promo trigger\">\n                    <a class=\"promo-link\" target=\"_espacio en blanco\" href=\"https:\/\/recruiting.ultipro.com\/CHE1016CHRH\/JobBoard\/4eefe312-ba4e-4b59-b772-63545a65e887\" rel=\"noopener\">\n                    <div class=\"promo-contents\">\n                <h3 class=\"promo-headline\">Profesional\/Liderazgo  <\/h3>\n                                <div class=\"promo-teaser\">\n                    Busque nuestras vacantes actuales para puestos de gesti\u00f3n y liderazgo.                <\/div>\n                                <div class=\"promo-button\">\n                    <div class=\"button small teal\">\n                        <span class=\"button-text\">Ver ahora<\/span>\n                    <\/div>\n                <\/div>\n                            <\/div>\n                    <\/a>\n            <\/div>\n        <div class=\"promo trigger\">\n                    <a class=\"promo-link\" target=\"_espacio en blanco\" href=\"https:\/\/recruiting.ultipro.com\/CHE1016CHRH\/JobBoard\/66116417-b186-4611-8973-fc5e5393ea0c\" rel=\"noopener\">\n                    <div class=\"promo-contents\">\n                <h3 class=\"promo-headline\">Sistemas de informaci\u00f3n<\/h3>\n                                <div class=\"promo-teaser\">\n                    Busque nuestras vacantes actuales para el personal de Sistemas de Informaci\u00f3n.                <\/div>\n                                <div class=\"promo-button\">\n                    <div class=\"button small teal\">\n                        <span class=\"button-text\">Ver ahora<\/span>\n                    <\/div>\n                <\/div>\n                            <\/div>\n                    <\/a>\n            <\/div>\n    \n<\/section>","protected":false},"excerpt":{"rendered":"","protected":false},"author":2,"featured_media":0,"parent":309,"menu_order":1,"comment_status":"closed","ping_status":"closed","template":"","meta":{"_acf_changed":false,"footnotes":""},"class_list":["post-1219","page","type-page","status-publish","hentry"],"acf":[],"_links":{"self":[{"href":"https:\/\/cherryhealth.org\/es\/wp-json\/wp\/v2\/pages\/1219","targetHints":{"allow":["GET"]}}],"collection":[{"href":"https:\/\/cherryhealth.org\/es\/wp-json\/wp\/v2\/pages"}],"about":[{"href":"https:\/\/cherryhealth.org\/es\/wp-json\/wp\/v2\/types\/page"}],"author":[{"embeddable":true,"href":"https:\/\/cherryhealth.org\/es\/wp-json\/wp\/v2\/users\/2"}],"replies":[{"embeddable":true,"href":"https:\/\/cherryhealth.org\/es\/wp-json\/wp\/v2\/comments?post=1219"}],"version-history":[{"count":0,"href":"https:\/\/cherryhealth.org\/es\/wp-json\/wp\/v2\/pages\/1219\/revisions"}],"up":[{"embeddable":true,"href":"https:\/\/cherryhealth.org\/es\/wp-json\/wp\/v2\/pages\/309"}],"wp:attachment":[{"href":"https:\/\/cherryhealth.org\/es\/wp-json\/wp\/v2\/media?parent=1219"}],"curies":[{"name":"wp","href":"https:\/\/api.w.org\/{rel}","templated":true}]}}