{"id":295,"date":"2022-04-14T15:52:12","date_gmt":"2022-04-14T20:52:12","guid":{"rendered":"http:\/\/cherryhealthorg.local\/recursos-para-pacientes\/"},"modified":"2022-08-08T17:09:59","modified_gmt":"2022-08-08T22:09:59","slug":"recursos-para-pacientes","status":"publish","type":"page","link":"https:\/\/cherryhealth.org\/es\/recursos-para-pacientes\/","title":{"rendered":"Recursos para pacientes"},"content":{"rendered":"\r\n<section class=\"hero\" id=\"hero-block_62967c0fb354d\">\r\n    <div class=\"hero-grid\">\r\n        <div class=\"hero-text\">\r\n                        <h1 class=\"hero-headline\">\r\n                                    <div class=\"hero-headline-large\">Recursos para pacientes<\/div>\r\n                            <\/h1>\r\n                            <div class=\"hero-teaser\"><p>\u00bfDesea tomar el control de sus gastos de salud, conocer las opciones de seguro m\u00e9dico, pagar su factura en l\u00ednea o ver su historial m\u00e9dico? Ha venido al lugar adecuado.<\/p>\n<\/div>\r\n                    <\/div>\r\n\r\n                    <div class=\"hero-photo-container \">\r\n                <figure class=\"hero-photo trigger\">\r\n                                        <div class=\"hero-photo-aspect\">\r\n                        <div class=\"hero-photo-img\" style=\"background-image: url(https:\/\/i0.wp.com\/cherryhealth.org\/wp-content\/uploads\/2022\/07\/Patient-Resources_7.7.22.png?resize=650%2C650&#038;ssl=1);\"><\/div>\r\n                        <div class=\"photo-callout-photo-solid\"><\/div>\r\n                    <\/div>\r\n\r\n                                    <\/figure>\r\n                <img decoding=\"async\" class=\"hero-photo-dots\" src=\"https:\/\/cherryhealth.org\/wp-content\/themes\/cherryhealth\/svg\/dot-grid.svg\" alt=\"\">\r\n            <\/div>\r\n            \r\n    <\/div>\r\n<\/section><p>No Child Pages found<\/p>","protected":false},"excerpt":{"rendered":"<p>Tome el control de sus costos de atenci\u00f3n m\u00e9dica, explore las opciones de seguro, pague su factura en l\u00ednea, vea sus registros m\u00e9dicos y m\u00e1s.<\/p>\n","protected":false},"author":1,"featured_media":0,"parent":0,"menu_order":26,"comment_status":"closed","ping_status":"closed","template":"","meta":{"_acf_changed":false,"footnotes":""},"class_list":["post-295","page","type-page","status-publish","hentry"],"acf":[],"_links":{"self":[{"href":"https:\/\/cherryhealth.org\/es\/wp-json\/wp\/v2\/pages\/295","targetHints":{"allow":["GET"]}}],"collection":[{"href":"https:\/\/cherryhealth.org\/es\/wp-json\/wp\/v2\/pages"}],"about":[{"href":"https:\/\/cherryhealth.org\/es\/wp-json\/wp\/v2\/types\/page"}],"author":[{"embeddable":true,"href":"https:\/\/cherryhealth.org\/es\/wp-json\/wp\/v2\/users\/1"}],"replies":[{"embeddable":true,"href":"https:\/\/cherryhealth.org\/es\/wp-json\/wp\/v2\/comments?post=295"}],"version-history":[{"count":0,"href":"https:\/\/cherryhealth.org\/es\/wp-json\/wp\/v2\/pages\/295\/revisions"}],"wp:attachment":[{"href":"https:\/\/cherryhealth.org\/es\/wp-json\/wp\/v2\/media?parent=295"}],"curies":[{"name":"wp","href":"https:\/\/api.w.org\/{rel}","templated":true}]}}