{"id":297,"date":"2022-04-14T15:52:22","date_gmt":"2022-04-14T20:52:22","guid":{"rendered":"http:\/\/cherryhealthorg.local\/acerca-de\/"},"modified":"2022-10-06T14:08:35","modified_gmt":"2022-10-06T19:08:35","slug":"quienes-somos","status":"publish","type":"page","link":"https:\/\/cherryhealth.org\/es\/quienes-somos\/","title":{"rendered":"Quienes somos"},"content":{"rendered":"\r\n<section class=\"hero\" id=\"hero-block_ddad4cb5d9610270bf1cd3ab41e7950b\">\r\n    <div class=\"hero-grid\">\r\n        <div class=\"hero-text\">\r\n                        <h1 class=\"hero-headline\">\r\n                                    <div class=\"hero-headline-large\">Quienes somos<\/div>\r\n                            <\/h1>\r\n                            <div class=\"hero-teaser\"><p>Cherry Health ofrece una atenci\u00f3n en la que puede confiar.<\/p>\n<\/div>\r\n                    <\/div>\r\n\r\n        <div class=\"hero-photo-container hero-photo-container-stats\">\n    <figure class=\"hero-photo trigger\">\n        <div class=\"hero-photo-aspect\">\n                        <div class=\"hero-stats-wrap\" style=\"background-image: url(https:\/\/i0.wp.com\/cherryhealth.org\/wp-content\/uploads\/2022\/08\/about-hero-bg.jpg?resize=650%2C650&#038;ssl=1);\">\n            \n            <div class=\"hero-stats\">\n                                    <div class=\"hero-stats-title\">En 2021&#8230;<\/div>\n                                <div class=\"hero-stats-grid\">\n                                        <div class=\"hero-stats-grid-item\">\n                        <div class=\"hero-stats-grid-item-amount\"><div class=\"hero-stats-grid-item-digit\">95<\/div>%<\/div>\n\n                                                <div class=\"hero-stats-grid-item-label\">Satisfacci\u00f3n de los pacientes<\/div>\n                                            <\/div>\n                                        <div class=\"hero-stats-grid-item\">\n                        <div class=\"hero-stats-grid-item-amount\"><div class=\"hero-stats-grid-item-digit\">66757<\/div><\/div>\n\n                                                <div class=\"hero-stats-grid-item-label\">Pacientes atendidos<\/div>\n                                            <\/div>\n                                        <div class=\"hero-stats-grid-item\">\n                        <div class=\"hero-stats-grid-item-amount\"><div class=\"hero-stats-grid-item-digit\">544028<\/div><\/div>\n\n                                                <div class=\"hero-stats-grid-item-label\">Total de visitas<\/div>\n                                            <\/div>\n                    \t\t\t\t\t\t\t\t\t\t\t\t\t\t\t\t\n                <\/div>\n                        <\/div>\n            \n            <\/div>\n            <div class=\"hero-photo-solid\"><\/div>\n        <\/div>\n    <\/figure>\n    <img decoding=\"async\" class=\"hero-photo-dots\" src=\"https:\/\/cherryhealth.org\/wp-content\/themes\/cherryhealth\/svg\/dot-grid.svg\">\n<\/div>\r\n    <\/div>\r\n<\/section>\n\n\n<p>Tanto si se trata de una enfermedad cr\u00f3nica como la diabetes o el asma, o si busca ayuda para su salud mental, si est\u00e1 planeando tener un beb\u00e9 o si simplemente no se siente bien, queremos ser el primer lugar al que acuda para recibir atenci\u00f3n. Ponemos el control de su salud donde debe estar: en sus manos y en las de su proveedor de atenci\u00f3n m\u00e9dica. Nos esforzaremos para que se sienta c\u00f3modo y para que conf\u00ede en su proveedor y en la calidad de la atenci\u00f3n que recibe.<\/p>\n\n\n\n<p><\/p>\n\n\n\n<p>Cherry Health ofrece atenci\u00f3n sanitaria de alta calidad a todo el mundo, independientemente de su capacidad de pago. Si es un paciente nuevo y quiere pedir una cita, llame al 616-965-8308 o <a href=\"m&#97;&#x69;&#x6c;&#x74;o&#58;&#110;&#x65;&#x77;p&#97;&#116;&#x69;&#x65;nt&#64;&#x63;&#x68;&#x65;r&#114;&#x79;&#x68;&#x65;a&#108;&#116;&#x68;&#x2e;c&#111;&#109;\">env\u00edenos un correo electr\u00f3nico<\/a>.<\/p>\n\n\n\n<p><\/p>\n\n\n\n<h2 class=\"wp-block-heading\"><strong>Qui\u00e9nes somos<\/strong><\/h2>\n\n\n\n<p>Cherry Health, el mayor centro de salud con calificaci\u00f3n federal (FQHC) de Michigan, opera en seis condados del estado, con sede en Grand Rapids. Con un equipo de m\u00e1s de 800 profesionales sanitarios en 20 centros, Cherry Health se enfoca en eliminar barreras, ampliar el acceso y en prestar servicios m\u00e9dicos \u00edntegros de calidad a las comunidades desatendidas, independientemente de la situaci\u00f3n del seguro de salud de la persona o de su capacidad de pago. Ofrecemos atenci\u00f3n primaria, dental, oftalmol\u00f3gica, de salud mental, servicios de farmacia y mucho m\u00e1s.<\/p>\n\n\n\n<p><\/p>\n\n\n\n<h3 class=\"wp-block-heading\">Nuestra misi\u00f3n<\/h3>\n\n\n\n<p>Cherry Health mejora la salud y el bienestar de las personas proporcionando una atenci\u00f3n m\u00e9dica de cuidados primarios y de salud mental completa, al mismo tiempo que fomenta el acceso de las personas desatendidas.<\/p>\n\n\n\n<p><\/p>\n\n\n\n<p><\/p>\n\n\n\n<p><em>Cherry Health es un proveedor y empleador que ofrece igualdad de oportunidades. Cherry Health cumple con las leyes federales de derechos civiles aplicables y no discrimina por motivos de raza, color, nacionalidad, edad, sexo, discapacidad, identidad de g\u00e9nero u orientaci\u00f3n sexual. Cherry Health no excluye a las personas ni las trata de forma diferente por motivos de raza, color, nacionalidad, edad, sexo, discapacidad, identidad de g\u00e9nero u orientaci\u00f3n sexual.<\/em><\/p>\n\n\n\n<p><\/p>\n\n\n\n<p><em>Cherry Health es un FQHC, por lo tanto, la Ley Federal de Reclamaciones por Agravios (FTCA) proporciona un seguro.<\/em><\/p>\n","protected":false},"excerpt":{"rendered":"<p>Cherry Health ofrece una atenci\u00f3n en la que puede confiar.<\/p>\n","protected":false},"author":1,"featured_media":0,"parent":0,"menu_order":28,"comment_status":"closed","ping_status":"closed","template":"template-sidebar.php","meta":{"_acf_changed":false,"footnotes":""},"class_list":["post-297","page","type-page","status-publish","hentry"],"acf":[],"_links":{"self":[{"href":"https:\/\/cherryhealth.org\/es\/wp-json\/wp\/v2\/pages\/297","targetHints":{"allow":["GET"]}}],"collection":[{"href":"https:\/\/cherryhealth.org\/es\/wp-json\/wp\/v2\/pages"}],"about":[{"href":"https:\/\/cherryhealth.org\/es\/wp-json\/wp\/v2\/types\/page"}],"author":[{"embeddable":true,"href":"https:\/\/cherryhealth.org\/es\/wp-json\/wp\/v2\/users\/1"}],"replies":[{"embeddable":true,"href":"https:\/\/cherryhealth.org\/es\/wp-json\/wp\/v2\/comments?post=297"}],"version-history":[{"count":0,"href":"https:\/\/cherryhealth.org\/es\/wp-json\/wp\/v2\/pages\/297\/revisions"}],"wp:attachment":[{"href":"https:\/\/cherryhealth.org\/es\/wp-json\/wp\/v2\/media?parent=297"}],"curies":[{"name":"wp","href":"https:\/\/api.w.org\/{rel}","templated":true}]}}