{"id":300,"date":"2022-04-14T15:52:30","date_gmt":"2022-04-14T20:52:30","guid":{"rendered":"http:\/\/cherryhealthorg.local\/donar\/"},"modified":"2022-10-06T14:37:23","modified_gmt":"2022-10-06T19:37:23","slug":"donar","status":"publish","type":"page","link":"https:\/\/cherryhealth.org\/es\/donar\/","title":{"rendered":"Donar"},"content":{"rendered":"\r\n<section class=\"hero\" id=\"hero-block_43e38bf6357bc17ed7ffeea14ac4589c\">\r\n    <div class=\"hero-grid\">\r\n        <div class=\"hero-text\">\r\n                        <h1 class=\"hero-headline\">\r\n                                    <div class=\"hero-headline-large\">Donar<\/div>\r\n                            <\/h1>\r\n                            <div class=\"hero-teaser\"><p>Cherry Health Foundation es el brazo filantr\u00f3pico de Cherry Health. Una donaci\u00f3n a la Fundaci\u00f3n permite que alguien de nuestra comunidad reciba una atenci\u00f3n sanitaria completa y de calidad.<\/p>\n<\/div>\r\n                        <div class=\"hero-cta\">\r\n                                    <a class=\"hero-button button\" href=\"https:\/\/bit.ly\/chcelebration2022\" target=\"_espacio en blanco\" rel=\"noopener\">\r\n                        <span class=\"button-text\">Registro\/patrocinio de la celebraci\u00f3n de la salud de las cerezas<\/span>\r\n                    <\/a>\r\n                            <\/div>\r\n                    <\/div>\r\n\r\n        \r\n    <\/div>\r\n<\/section>\n\n\n<section class=\"intro\" id=\"intro-block_8ba9e14d288c1286c08f9722f676bb1e\">\n\n    <div class=\"intro-wrap\">\n                <div class=\"intro-text\">\n            <p><strong>Tu regalo cambia vidas.  <\/strong>Muchos de nuestros pacientes tienen poco o ning\u00fan otro acceso a la atenci\u00f3n sanitaria y no podr\u00edan recibir servicios sin su apoyo. Considere la posibilidad de hacer una donaci\u00f3n y de influir directamente en la vida de m\u00e1s de 60.000 pacientes.<\/p>\n        <\/div>\n            \n    <\/div>\n<\/section>\n\n\n<section class=\"donate-options\" id=\"donate-options-block_608626ee5f5f87ef8d6e633090d9a14f\">\n    \n    <div class=\"donate-col donate-online\">\n\n                <h3 class=\"donate-online-headline\">Donar en l\u00ednea<\/h3>\n                <div class=\"donate-online-teaser\">Seguro, c\u00f3modo, sostenible. Adem\u00e1s de la posibilidad de realizar donaciones puntuales, las donaciones en l\u00ednea permiten hacer promesas mensuales y auto-renovables a la Fundaci\u00f3n Cherry Health. Ofrecer una donaci\u00f3n mensual, renovable anualmente, crea un apoyo sostenido a las familias que necesitan un acceso regular a la atenci\u00f3n sanitaria. <\/div>\n                <h4 class=\"donate-online-amount\">Seleccione un importe de donaci\u00f3n a continuaci\u00f3n<\/h4>\n                <ul class=\"donate-online-grid\">\n                            <li class=\"donate-online-button\">\n                    <a class=\"donate-online-button-link\" href=\"https:\/\/cherryhealth.org\/donate\/online\/donate1000\/\" target=\"_self\">\n                        $1,000                    <\/a> \n                <\/li>\n                            <li class=\"donate-online-button\">\n                    <a class=\"donate-online-button-link\" href=\"https:\/\/cherryhealth.org\/donate\/online\/donate500\/\" target=\"_self\">\n                        $500                    <\/a> \n                <\/li>\n                            <li class=\"donate-online-button\">\n                    <a class=\"donate-online-button-link\" href=\"https:\/\/cherryhealth.org\/donate\/online\/donate250\/\" target=\"_self\">\n                        $250                    <\/a> \n                <\/li>\n                            <li class=\"donate-online-button\">\n                    <a class=\"donate-online-button-link\" href=\"https:\/\/cherryhealth.org\/donate\/online\/\" target=\"_self\">\n                        Other                    <\/a> \n                <\/li>\n            \t\t\t\t\t\t\t\t\t\t\t\t\t\t\t\t\n        <\/ul>\n            <\/div>\n    <div class=\"donate-col donate-other\">\n                <h3 class=\"donate-other-headline\">            \n            Otras formas de dar        <\/h3>\n                <div class=\"donate-other-teaser\">Cherry Health ofrece atenci\u00f3n galardonada para todos. Desgraciadamente, las soluciones que consiguen los mejores resultados para los pacientes no siempre se financian o reembolsan en su totalidad. Aqu\u00ed es donde entras t\u00fa. P\u00f3ngase en contacto con f&#111;&#117;&#x6e;&#x64;&#x61;t&#105;&#111;&#x6e;&#x40;&#x63;he&#114;&#x72;&#x79;&#x68;ea&#108;&#116;&#x68;&#x2e;&#x63;o&#109; o con el 616.965.8254 para obtener m\u00e1s informaci\u00f3n o explorar otras opciones de donaci\u00f3n.<\/div>\n                <ul class=\"donate-other-options\">\n                        <li class=\"donate-other-option\">\n                <a class=\"donate-other-option-link\" href=\"https:\/\/cherryhealth.org\/es\/donar\/formas-de-dar\/?accordion-open=accordion-key-block_62ad09c412c85-1\" target=\"_self\">\n                    <div class=\"donate-other-option-link-icon\">\n                        <svg class=\"donate-other-option-link-icon-svg\" viewBox=\"0 0 16 24\" xmlns=\"http:\/\/www.w3.org\/2000\/svg\"><path d=\"M0.999998 22L13 11.7959L1 2\" \/><\/svg>\n                    <\/div>\t\t\t\t\t\t\t\t\n                    <span class=\"donate-other-option-link-text\">Correo, tel\u00e9fono y texto<\/span>\n                <\/a> \n            <\/li>\n                        <li class=\"donate-other-option\">\n                <a class=\"donate-other-option-link\" href=\"https:\/\/cherryhealth.org\/es\/donar\/formas-de-dar\/?accordion-open=accordion-key-block_62ad09c412c85-2\" target=\"_self\">\n                    <div class=\"donate-other-option-link-icon\">\n                        <svg class=\"donate-other-option-link-icon-svg\" viewBox=\"0 0 16 24\" xmlns=\"http:\/\/www.w3.org\/2000\/svg\"><path d=\"M0.999998 22L13 11.7959L1 2\" \/><\/svg>\n                    <\/div>\t\t\t\t\t\t\t\t\n                    <span class=\"donate-other-option-link-text\">Donaciones planificadas, DAF, IRA, Stock, 401K, etc.<\/span>\n                <\/a> \n            <\/li>\n                        <li class=\"donate-other-option\">\n                <a class=\"donate-other-option-link\" href=\"https:\/\/cherryhealth.org\/es\/donar\/formas-de-dar\/?accordion-open=accordion-key-block_62ad09c412c85-3\" target=\"_self\">\n                    <div class=\"donate-other-option-link-icon\">\n                        <svg class=\"donate-other-option-link-icon-svg\" viewBox=\"0 0 16 24\" xmlns=\"http:\/\/www.w3.org\/2000\/svg\"><path d=\"M0.999998 22L13 11.7959L1 2\" \/><\/svg>\n                    <\/div>\t\t\t\t\t\t\t\t\n                    <span class=\"donate-other-option-link-text\">Patrocinios de eventos<\/span>\n                <\/a> \n            <\/li>\n                        <li class=\"donate-other-option\">\n                <a class=\"donate-other-option-link\" href=\"https:\/\/cherryhealth.org\/es\/donar\/formas-de-dar\/?accordion-open=accordion-key-block_62ad09c412c85-4\" target=\"_self\">\n                    <div class=\"donate-other-option-link-icon\">\n                        <svg class=\"donate-other-option-link-icon-svg\" viewBox=\"0 0 16 24\" xmlns=\"http:\/\/www.w3.org\/2000\/svg\"><path d=\"M0.999998 22L13 11.7959L1 2\" \/><\/svg>\n                    <\/div>\t\t\t\t\t\t\t\t\n                    <span class=\"donate-other-option-link-text\">Equipo de atenci\u00f3n de la fundaci\u00f3n<\/span>\n                <\/a> \n            <\/li>\n                        <li class=\"donate-other-option\">\n                <a class=\"donate-other-option-link\" href=\"https:\/\/cherryhealth.org\/es\/donar\/formas-de-dar\/?accordion-open=accordion-key-block_62ad09c412c85-5\" target=\"_self\">\n                    <div class=\"donate-other-option-link-icon\">\n                        <svg class=\"donate-other-option-link-icon-svg\" viewBox=\"0 0 16 24\" xmlns=\"http:\/\/www.w3.org\/2000\/svg\"><path d=\"M0.999998 22L13 11.7959L1 2\" \/><\/svg>\n                    <\/div>\t\t\t\t\t\t\t\t\n                    <span class=\"donate-other-option-link-text\">Entrega de personal \u2013 Campeones de la cereza<\/span>\n                <\/a> \n            <\/li>\n            \t\t\t\t\t\t\t\t\t\t\t\t\t\t\t\t\n        <\/ul>\t\n        \t\t\t\t\n    <\/div>\n<\/section>\n\n<p>No Child Pages found<\/p>\n\n\n<p><\/p>\n\n\n\r\n<section class=\"text-grid\" id=\"text-grid-block_063a13ef10833edc2809b6a7711f1578\">\r\n        <article class=\"text-grid-item\">\r\n                <div class=\"text-grid-teaser\"><em>Cherry Health Foundation, tambi\u00e9n conocida como Cherry Street Services Foundation, es una organizaci\u00f3n sin fines de lucro, seg\u00fan lo determina la Secci\u00f3n 501(c)(3) del C\u00f3digo de Rentas Internas. Nuestro n\u00famero de identificaci\u00f3n fiscal es 38-3308516. Los obsequios son deducibles como donaciones en la mayor medida permitida por la ley.<\/em>\n<\/div>\r\n            <\/article>\r\n           \r\n<\/section>\r\n","protected":false},"excerpt":{"rendered":"","protected":false},"author":1,"featured_media":0,"parent":0,"menu_order":31,"comment_status":"closed","ping_status":"closed","template":"","meta":{"_acf_changed":false,"footnotes":""},"class_list":["post-300","page","type-page","status-publish","hentry"],"acf":[],"_links":{"self":[{"href":"https:\/\/cherryhealth.org\/es\/wp-json\/wp\/v2\/pages\/300","targetHints":{"allow":["GET"]}}],"collection":[{"href":"https:\/\/cherryhealth.org\/es\/wp-json\/wp\/v2\/pages"}],"about":[{"href":"https:\/\/cherryhealth.org\/es\/wp-json\/wp\/v2\/types\/page"}],"author":[{"embeddable":true,"href":"https:\/\/cherryhealth.org\/es\/wp-json\/wp\/v2\/users\/1"}],"replies":[{"embeddable":true,"href":"https:\/\/cherryhealth.org\/es\/wp-json\/wp\/v2\/comments?post=300"}],"version-history":[{"count":0,"href":"https:\/\/cherryhealth.org\/es\/wp-json\/wp\/v2\/pages\/300\/revisions"}],"wp:attachment":[{"href":"https:\/\/cherryhealth.org\/es\/wp-json\/wp\/v2\/media?parent=300"}],"curies":[{"name":"wp","href":"https:\/\/api.w.org\/{rel}","templated":true}]}}