{"id":450,"date":"2022-06-16T11:40:32","date_gmt":"2022-06-16T16:40:32","guid":{"rendered":"https:\/\/cherryhealth.org\/donar\/eventos\/"},"modified":"2024-12-11T08:51:16","modified_gmt":"2024-12-11T14:51:16","slug":"eventos","status":"publish","type":"page","link":"https:\/\/cherryhealth.org\/es\/donar\/eventos\/","title":{"rendered":"Eventos y entradas"},"content":{"rendered":"\r\n<section class=\"hero\" id=\"hero-block_8c5caefb4ca0280308a2a7ca0d2fe02b\">\r\n    <div class=\"hero-grid\">\r\n        <div class=\"hero-text\">\r\n                        <h1 class=\"hero-headline\">\r\n                                    <div class=\"hero-headline-large\">Eventos inspiradores<\/div>\r\n                            <\/h1>\r\n                    <\/div>\r\n\r\n        \r\n    <\/div>\r\n<\/section>\n<section class=\"intro\" id=\"intro-block_389ae9a5ca801dfd8c16bda81695e8a4\">\n\n    <div class=\"intro-wrap\">\n                <div class=\"intro-text\">\n            <p>La Fundaci\u00f3n Cherry Health organiza cada a\u00f1o dos eventos de recaudaci\u00f3n de fondos. Estas reuniones honran a los pacientes que trabajan por el bienestar junto a sus equipos de atenci\u00f3n m\u00e9dica de Cherry Health y celebran el trabajo vital de Cherry Health para hacer que nuestras comunidades sean m\u00e1s saludables.<\/p>\n        <\/div>\n            \n    <\/div>\n<\/section>\n<div class=\"wp-block-buttons is-layout-flex wp-block-buttons-is-layout-flex\">\n<div class=\"wp-block-button\"><a class=\"wp-block-button__link wp-element-button\" href=\"https:\/\/cherryhealth.org\/wp-content\/uploads\/2024\/12\/2025-comprehensive-sponsorship-packet.pdf\">Informaci\u00f3n sobre el patrocinio<\/a><\/div>\n\n\n\n<div class=\"wp-block-button\"><a class=\"wp-block-button__link wp-element-button\" href=\"https:\/\/secure.qgiv.com\/for\/2025comprehensivesponsorship\/\" target=\"_blank\" rel=\"noopener\">Hazte patrocinador<\/a><\/div>\n<\/div>\n\r\n<section class=\"photo-callout photo-right\" id=\"photo-callout-block_0788649ba1d80cfd9fe19bf7b6b5adc6\">\r\n    <div class=\"photo-callout-grid\">\r\n\r\n                <div class=\"photo-callout-photo-container \">\r\n            <figure class=\"photo-callout-photo trigger\">\r\n\r\n                \r\n                <div class=\"photo-callout-photo-aspect\">\r\n                    <div class=\"photo-callout-photo-img\" style=\"background-image: url(https:\/\/i0.wp.com\/cherryhealth.org\/wp-content\/uploads\/2022\/07\/prescription-strength.png?resize=650%2C650&#038;ssl=1);\"><\/div>\r\n                    <div class=\"photo-callout-photo-solid\"><\/div>\r\n                <\/div>\r\n\r\n                \r\n            <\/figure>\r\n            <img decoding=\"async\" class=\"photo-callout-photo-dots\" src=\"https:\/\/cherryhealth.org\/wp-content\/themes\/cherryhealth\/svg\/dot-grid.svg\" alt=\"\">\r\n        <\/div>\r\n        \r\n        <div class=\"photo-callout-text\">\r\n                            <h1 class=\"photo-callout-headline\">\r\n                                            <small class=\"photo-callout-headline-pre\">7 de mayo de 2025<\/small>\r\n                                            <span class=\"photo-callout-headline-large\">Prescripci\u00f3n: Fuerza<\/span>\r\n                                    <\/h1>\r\n                            <div class=\"photo-callout-teaser\">Este acto anual ofrece una introducci\u00f3n a Cherry Health, una oportunidad para conocer y apoyar nuestra misi\u00f3n de proporcionar una asistencia sanitaria de calidad, accesible y equitativa.\n<\/div>\r\n                            <div class=\"photo-callout-cta\">\r\n                    <a class=\"button\" href=\"https:\/\/cherryhealth.org\/donate\/events\/prescription-strength\/\" target=\"_self\">\r\n                        <span class=\"button-text\">Aprende m\u00e1s<\/span>\r\n                    <\/a>\r\n                <\/div>\r\n                    <\/div>\r\n    <\/div>\r\n<\/section>\r\n<section class=\"photo-callout photo-left\" id=\"photo-callout-block_5ec4e99f7f867e3d280659487f94f47e\">\r\n    <div class=\"photo-callout-grid\">\r\n\r\n                <div class=\"photo-callout-photo-container \">\r\n            <figure class=\"photo-callout-photo trigger\">\r\n\r\n                \r\n                <div class=\"photo-callout-photo-aspect\">\r\n                    <div class=\"photo-callout-photo-img\" style=\"background-image: url(https:\/\/i0.wp.com\/cherryhealth.org\/wp-content\/uploads\/2024\/06\/LOGO-Celebration-650x650-for-website-6.10.24-scaled.jpg?resize=650%2C650&#038;ssl=1);\"><\/div>\r\n                    <div class=\"photo-callout-photo-solid\"><\/div>\r\n                <\/div>\r\n\r\n                \r\n            <\/figure>\r\n            <img decoding=\"async\" class=\"photo-callout-photo-dots\" src=\"https:\/\/cherryhealth.org\/wp-content\/themes\/cherryhealth\/svg\/dot-grid.svg\" alt=\"\">\r\n        <\/div>\r\n        \r\n        <div class=\"photo-callout-text\">\r\n                            <h1 class=\"photo-callout-headline\">\r\n                                            <small class=\"photo-callout-headline-pre\">22 de octubre de 2025  <\/small>\r\n                                            <span class=\"photo-callout-headline-large\">Celebraci\u00f3n<\/span>\r\n                                    <\/h1>\r\n                            <div class=\"photo-callout-teaser\">Este programa anual de narraci\u00f3n inmersiva destaca una faceta diferente de la atenci\u00f3n integral cada a\u00f1o.\n<\/div>\r\n                            <div class=\"photo-callout-cta\">\r\n                    <a class=\"button\" href=\"https:\/\/cherryhealth.org\/donate\/events\/celebration\/\" target=\"_self\">\r\n                        <span class=\"button-text\">M\u00e1s informaci\u00f3n y entradas<\/span>\r\n                    <\/a>\r\n                <\/div>\r\n                    <\/div>\r\n    <\/div>\r\n<\/section>","protected":false},"excerpt":{"rendered":"<p>Cherry Health Foundation organiza dos eventos de recaudaci\u00f3n de fondos de narraci\u00f3n inmersiva cada a\u00f1o. Estas reuniones honran a los pacientes que trabajan por el bienestar junto con sus equipos de atenci\u00f3n de Cherry Health.<\/p>\n","protected":false},"author":3,"featured_media":0,"parent":300,"menu_order":1,"comment_status":"closed","ping_status":"closed","template":"","meta":{"_acf_changed":false,"footnotes":""},"class_list":["post-450","page","type-page","status-publish","hentry"],"acf":[],"_links":{"self":[{"href":"https:\/\/cherryhealth.org\/es\/wp-json\/wp\/v2\/pages\/450","targetHints":{"allow":["GET"]}}],"collection":[{"href":"https:\/\/cherryhealth.org\/es\/wp-json\/wp\/v2\/pages"}],"about":[{"href":"https:\/\/cherryhealth.org\/es\/wp-json\/wp\/v2\/types\/page"}],"author":[{"embeddable":true,"href":"https:\/\/cherryhealth.org\/es\/wp-json\/wp\/v2\/users\/3"}],"replies":[{"embeddable":true,"href":"https:\/\/cherryhealth.org\/es\/wp-json\/wp\/v2\/comments?post=450"}],"version-history":[{"count":0,"href":"https:\/\/cherryhealth.org\/es\/wp-json\/wp\/v2\/pages\/450\/revisions"}],"up":[{"embeddable":true,"href":"https:\/\/cherryhealth.org\/es\/wp-json\/wp\/v2\/pages\/300"}],"wp:attachment":[{"href":"https:\/\/cherryhealth.org\/es\/wp-json\/wp\/v2\/media?parent=450"}],"curies":[{"name":"wp","href":"https:\/\/api.w.org\/{rel}","templated":true}]}}