{"id":454,"date":"2022-05-23T18:22:24","date_gmt":"2022-05-23T23:22:24","guid":{"rendered":"https:\/\/cherryhealth.org\/donar\/tu-impacto\/"},"modified":"2024-11-05T09:25:43","modified_gmt":"2024-11-05T15:25:43","slug":"tu-impacto","status":"publish","type":"page","link":"https:\/\/cherryhealth.org\/es\/donar\/tu-impacto\/","title":{"rendered":"Tu impacto"},"content":{"rendered":"\r\n<section class=\"hero\" id=\"hero-block_0096b6fb6c380f25a28a9dd0030b2000\">\r\n    <div class=\"hero-grid\">\r\n        <div class=\"hero-text\">\r\n                        <h1 class=\"hero-headline\">\r\n                                    <div class=\"hero-headline-large\">Tu impacto<\/div>\r\n                            <\/h1>\r\n                            <div class=\"hero-teaser\"><p>Ya sea para el tratamiento de la diabetes, la atenci\u00f3n dental, la visi\u00f3n, el asesoramiento de salud mental o los servicios de reincorporaci\u00f3n a la comunidad, Cherry Health es la diferencia entre la enfermedad y la salud; la desesperaci\u00f3n y la esperanza; las barreras y las oportunidades. Cherry Health se compromete a evaluar cuantitativamente el impacto de sus servicios para mejorar continuamente los resultados sanitarios.<\/p>\n<\/div>\r\n                    <\/div>\r\n\r\n                    <div class=\"hero-photo-container \">\r\n                <figure class=\"hero-photo trigger\">\r\n                                        <div class=\"hero-photo-aspect\">\r\n                        <div class=\"hero-photo-img\" style=\"background-image: url(https:\/\/i0.wp.com\/cherryhealth.org\/wp-content\/uploads\/2022\/07\/PediatricDentalPatient.png?resize=650%2C650&#038;ssl=1);\"><\/div>\r\n                        <div class=\"photo-callout-photo-solid\"><\/div>\r\n                    <\/div>\r\n\r\n                                    <\/figure>\r\n                <img decoding=\"async\" class=\"hero-photo-dots\" src=\"https:\/\/cherryhealth.org\/wp-content\/themes\/cherryhealth\/svg\/dot-grid.svg\" alt=\"\">\r\n            <\/div>\r\n            \r\n    <\/div>\r\n<\/section>\n<h3 class=\"wp-block-heading\">Historia destacada de impacto en el paciente: rompiendo las barreras a la atenci\u00f3n<\/h3>\n\n<p><br\/><\/p>\n\n<p>Curtis y su esposa Joan acudieron a los servicios dentales de Cherry Health en busca de ayuda porque Curtis se sent\u00eda inc\u00f3modo, era incapaz de sonre\u00edr y simplemente no pod\u00eda desenvolverse con comodidad.<\/p>\n\n<p>Tras dos tratamientos contra el c\u00e1ncer, a Curtis le faltaban varios dientes delanteros y los que le quedaban estaban cariados, lo que le dificultaba mucho sonre\u00edr o simplemente vivir c\u00f3modamente.<\/p>\n\n<p>Sin seguro m\u00e9dico ni recursos, Curtis no pod\u00eda costearse el tratamiento dondequiera que buscara atenci\u00f3n. Decidi\u00f3 fabricarse una dentadura postiza con pl\u00e1stico moldeable que hab\u00eda recibido de un familiar que trabajaba en una cl\u00ednica dental de otro estado y utiliz\u00f3 esa dentadura durante cinco a\u00f1os. Pero cada vez se sent\u00eda m\u00e1s inc\u00f3modo y cansado de no poder comer una amplia variedad de alimentos; fue entonces cuando Joan conoci\u00f3 Cherry Health. Se program\u00f3 una primera cita con el dentista y, tras la visita y una serie de radiograf\u00edas de toda la boca, se determin\u00f3 que todos los dientes que le quedaban a Curtis estaban infectados. No era de extra\u00f1ar que estuviera tan inc\u00f3modo y que no pudiera comer sin dolor.<\/p>\n\n<p>Curtis comenz\u00f3 a ver al Dr. Timothy Hill donde se hicieron planes para eliminar todos sus dientes infectados y hacer un conjunto de dentaduras superiores e inferiores adecuadas para \u00e9l. Aprender a utilizar una dentadura postiza completa es un proceso de aprendizaje. El Dr. Hill trabaj\u00f3 intensamente con Curtis para ayudarle a volver a aprender a comer y vio c\u00f3mo su funci\u00f3n mejoraba con cada visita. Ahora Curtis puede hablar c\u00f3modamente, disfruta con los bocadillos de rosbif y ha recuperado la sonrisa.<\/p>\n\n<p>Joan se emociona cuando comparte: \u00abTodas las personas con las que trabajamos en Cherry Health eran extrovertidas, dotadas, conocedoras y dispuestas a dar todo lo que ten\u00edan y estaban encantadas de hacerlo para ayudar a Curtis\u00bb.<\/p>\n\n<p>Nada de esto habr\u00eda sido posible sin el Programa de Tarifas M\u00f3viles de Cherry Health, en el que los pagos de los pacientes pueden ser de tan solo 15 d\u00f3lares por visita. Gracias a la misi\u00f3n de Cherry Health de ofrecer una asistencia asequible y accesible, Curtis ha recuperado la sonrisa.<\/p>\n\n<div class=\"wp-block-buttons is-layout-flex wp-block-buttons-is-layout-flex\">\n<div class=\"wp-block-button\"><a class=\"wp-block-button__link wp-element-button\" href=\"https:\/\/youtu.be\/Ex9Ecp2JaBI\" target=\"_blank\" rel=\"noopener\">Vea la historia completa<\/a><\/div>\n<\/div>\n\n<section class=\"newsletters layer\" id=\"newsletters-block_52b25e59cce6f4430e7193920e9786e3\">\n        <div class=\"newsletters-intro\">\n                <h3 class=\"newsletters-intro-headline\">\n            Nuestros boletines        <\/h3>\n            <\/div>\n        <div class=\"newsletters-grid\">\n                <article class=\"newsletters-item trigger reveal\">\n            <a class=\"newsletters-link\" target=\"_blank\" href=\"https:\/\/cherryhealth.org\/wp-content\/uploads\/2024\/08\/2024-Donor-Impact-Report_sized-for-online-and-email_FINAL.pdf\">\n                <div class=\"newsletters-contents\">\n                    <div class=\"newsletters-date\">Informe sobre el impacto de los donantes<\/div>\n                    <h4 class=\"newsletters-headline\">Sus donaciones hacen posibles nuestros innovadores y galardonados servicios de atenci\u00f3n.<\/h4>\n\n                                        <div class=\"newsletters-teaser\">Nuestro informe anual sobre el impacto de los donantes, las historias sobre el impacto en los pacientes y las ediciones anteriores de nuestro bolet\u00edn informativo Health, Hope &amp; Opportunity (Salud, Esperanza y Oportunidad) comparten c\u00f3mo ayud\u00f3 y a qui\u00e9n ayud\u00f3 a trav\u00e9s de su apoyo a la Cherry Health Foundation. En nombre de los m\u00e1s de 60.000 pacientes de Cherry Health, gracias.<\/div>\n                    \n                    <div class=\"newsletters-button\">\n                        <div class=\"button small teal\">\n                            <span class=\"button-text\">Lee mas<\/span>\n                        <\/div>\n                    <\/div>\n                <\/div>\n            <\/a>\n        <\/article>  \n                <article class=\"newsletters-item trigger reveal\">\n            <a class=\"newsletters-link\" target=\"_blank\" href=\"https:\/\/cherryhealth.org\/wp-content\/uploads\/2024\/11\/Fall-2024-Foundation-Newsletter.pdf%20\">\n                <div class=\"newsletters-contents\">\n                    <div class=\"newsletters-date\">Oto\u00f1o 2024<\/div>\n                    <h4 class=\"newsletters-headline\">Cada puerta es la puerta correcta en Cherry Health<\/h4>\n\n                                        <div class=\"newsletters-teaser\">La Asociaci\u00f3n M\u00e9dico-Legal (MLP) de Cherry Health con Ayuda Jur\u00eddica del Oeste de Michigan es una puerta de entrada m\u00e1s a la amplia gama de servicios que prestamos gracias a nuestro modelo de colaboraci\u00f3n asistencial.<\/div>\n                    \n                    <div class=\"newsletters-button\">\n                        <div class=\"button small teal\">\n                            <span class=\"button-text\">Lee mas<\/span>\n                        <\/div>\n                    <\/div>\n                <\/div>\n            <\/a>\n        <\/article>  \n                <article class=\"newsletters-item trigger reveal\">\n            <a class=\"newsletters-link\" target=\"_blank\" href=\"https:\/\/cherryhealth.org\/wp-content\/uploads\/2024\/09\/Summer-2024-Foundation-NewsletterDonor-Report.pdf\">\n                <div class=\"newsletters-contents\">\n                    <div class=\"newsletters-date\">Verano de 2024<\/div>\n                    <h4 class=\"newsletters-headline\">Mejorar nuestras comunidades de formas nuevas y diferentes<\/h4>\n\n                                        <div class=\"newsletters-teaser\">Sabemos que la vivienda asequible es un componente de la vida sana. Tambi\u00e9n sabemos que hay escasez de viviendas asequibles. Por ello, Cherry Health trabajar\u00e1 con Woda Cooper Companies, Inc. para desarrollar una nueva opci\u00f3n de vivienda asequible llamada Shea Ravines.<\/div>\n                    \n                    <div class=\"newsletters-button\">\n                        <div class=\"button small teal\">\n                            <span class=\"button-text\">Lee mas<\/span>\n                        <\/div>\n                    <\/div>\n                <\/div>\n            <\/a>\n        <\/article>  \n                <article class=\"newsletters-item trigger reveal\">\n            <a class=\"newsletters-link\" target=\"_blank\" href=\"https:\/\/cherryhealth.org\/wp-content\/uploads\/2024\/04\/2024-Spring-Foundation-Newsletter.pdf\">\n                <div class=\"newsletters-contents\">\n                    <div class=\"newsletters-date\">Primavera 2024<\/div>\n                    <h4 class=\"newsletters-headline\">S\u00fabete a la Visi\u00f3n M\u00f3vil<\/h4>\n\n                                        <div class=\"newsletters-teaser\">La nueva cl\u00ednica oftalmol\u00f3gica m\u00f3vil de Cherry Health, brillante y hermosa, est\u00e1 de gira visitando escuelas y cl\u00ednicas para prestar servicios a poblaciones de dif\u00edcil acceso. Permite a nuestros cl\u00ednicos realizar ex\u00e1menes oftalmol\u00f3gicos completos con equipos y materiales a mano en todo momento.<\/div>\n                    \n                    <div class=\"newsletters-button\">\n                        <div class=\"button small teal\">\n                            <span class=\"button-text\">Lee mas<\/span>\n                        <\/div>\n                    <\/div>\n                <\/div>\n            <\/a>\n        <\/article>  \n           \n    <\/div>\n    <\/section>\n<p><\/p>\n","protected":false},"excerpt":{"rendered":"<p>Sus donaciones hacen posibles nuestros innovadores y galardonados servicios de atenci\u00f3n. Conozca m\u00e1s sobre c\u00f3mo y a qui\u00e9n ayuda con su apoyo a la Cherry Health Foundation.  <\/p>\n","protected":false},"author":3,"featured_media":0,"parent":300,"menu_order":2,"comment_status":"closed","ping_status":"closed","template":"template-sidebar.php","meta":{"_acf_changed":false,"footnotes":""},"class_list":["post-454","page","type-page","status-publish","hentry"],"acf":[],"_links":{"self":[{"href":"https:\/\/cherryhealth.org\/es\/wp-json\/wp\/v2\/pages\/454","targetHints":{"allow":["GET"]}}],"collection":[{"href":"https:\/\/cherryhealth.org\/es\/wp-json\/wp\/v2\/pages"}],"about":[{"href":"https:\/\/cherryhealth.org\/es\/wp-json\/wp\/v2\/types\/page"}],"author":[{"embeddable":true,"href":"https:\/\/cherryhealth.org\/es\/wp-json\/wp\/v2\/users\/3"}],"replies":[{"embeddable":true,"href":"https:\/\/cherryhealth.org\/es\/wp-json\/wp\/v2\/comments?post=454"}],"version-history":[{"count":0,"href":"https:\/\/cherryhealth.org\/es\/wp-json\/wp\/v2\/pages\/454\/revisions"}],"up":[{"embeddable":true,"href":"https:\/\/cherryhealth.org\/es\/wp-json\/wp\/v2\/pages\/300"}],"wp:attachment":[{"href":"https:\/\/cherryhealth.org\/es\/wp-json\/wp\/v2\/media?parent=454"}],"curies":[{"name":"wp","href":"https:\/\/api.w.org\/{rel}","templated":true}]}}