{"id":543,"date":"2022-05-31T13:59:05","date_gmt":"2022-05-31T18:59:05","guid":{"rendered":"https:\/\/cherryhealth.org\/recursos-para-pacientes\/recursos-covid-19\/"},"modified":"2023-03-31T09:31:45","modified_gmt":"2023-03-31T14:31:45","slug":"recursos-covid-19","status":"publish","type":"page","link":"https:\/\/cherryhealth.org\/es\/recursos-para-pacientes\/recursos-covid-19\/","title":{"rendered":"Recursos COVID-19"},"content":{"rendered":"\r\n<section class=\"hero\" id=\"hero-block_cecb2d9850224efc03469c12476922de\">\r\n    <div class=\"hero-grid\">\r\n        <div class=\"hero-text\">\r\n                        <h1 class=\"hero-headline\">\r\n                                    <div class=\"hero-headline-large\">Recursos COVID-19<\/div>\r\n                            <\/h1>\r\n                            <div class=\"hero-teaser\"><p>Informaci\u00f3n y recursos relacionados con COVID-19, incluyendo c\u00f3mo programar una prueba o vacuna cerca de usted.<\/p>\n<\/div>\r\n                    <\/div>\r\n\r\n                    <div class=\"hero-photo-container photo\">\r\n                <figure class=\"hero-photo trigger\">\r\n                                        <div class=\"hero-photo-aspect\">\r\n                        <div class=\"hero-photo-img\" style=\"background-image: url(https:\/\/i0.wp.com\/cherryhealth.org\/wp-content\/uploads\/2023\/03\/8467_CH_COVIDBoosterCampaign_FB_1080x1080_V2.png?resize=650%2C650&#038;ssl=1);\"><\/div>\r\n                        <div class=\"photo-callout-photo-solid\"><\/div>\r\n                    <\/div>\r\n\r\n                                    <\/figure>\r\n                <img decoding=\"async\" class=\"hero-photo-dots\" src=\"https:\/\/cherryhealth.org\/wp-content\/themes\/cherryhealth\/svg\/dot-grid.svg\" alt=\"\">\r\n            <\/div>\r\n            \r\n    <\/div>\r\n<\/section>\n\n\n<h3 class=\"wp-block-heading\">Las vacunas est\u00e1n disponibles para cualquier persona a partir de los 6 meses de edad<\/h3>\n\n\n\n<p>Para programar una vacuna, dosis de recuerdo o prueba de COVID-19:<\/p>\n\n\n\n<ul class=\"wp-block-list\">\n<li>Si usted es un paciente actual, por favor llame al <a href=\"https:\/\/cherryhealth.org\/es\/ubicaciones\/\">\n  <strong>centro de Cherry Health<\/strong>\n<\/a> donde recibe atenci\u00f3n.<\/li>\n\n\n\n<li>Si es un paciente nuevo y desea concertar una cita, llame al 616.965.8308 o env\u00ede un correo electr\u00f3nico <a href=\"mailto:NewPatient&#64;cherry&#104;&#101;&#97;&#108;&#116;&#104;&#46;&#99;&#111;&#109;\">a N&#101;&#x77;&#x50;a&#116;&#105;&#x65;&#x6e;t&#64;&#99;&#x68;&#x65;r&#114;&#x79;&#x68;&#x65;a&#108;&#x74;&#x68;&#46;&#99;&#111;&#x6d;.<\/a><\/li>\n\n\n\n<li>Si no es paciente pero desea vacunarse en Cherry Health, llame a nuestra <a href=\"https:\/\/cherryhealth.org\/services\/pharmacy\/\">farmacia<\/a> al 616.965.8278.<\/li>\n<\/ul>\n\n\n\n<div class=\"wp-block-buttons is-layout-flex wp-block-buttons-is-layout-flex\">\n<div class=\"wp-block-button\"><a class=\"wp-block-button__link wp-element-button\" href=\"https:\/\/www.cdc.gov\/coronavirus\/2019-ncov\/vaccines\/index.html\" target=\"_blank\" rel=\"noopener\">Recomendaciones de vacunaci\u00f3n y refuerzo de COVID-19 del CDc<\/a><\/div>\n<\/div>\n\n\n\n<h3 class=\"wp-block-heading\">Disponemos de opciones de tratamiento de COVID-19<\/h3>\n\n\n\n<p>Si das positivo en la prueba de COVID-19, tenemos opciones de tratamiento disponibles, incluyendo el medicamento antiviral oral Paxlovid para los pacientes elegibles. Los pacientes deben notificar a su m\u00e9dico de cabecera inmediatamente con un resultado positivo &#8211; muchos tratamientos deben iniciarse dentro de los 5 d\u00edas del inicio de los s\u00edntomas.<\/p>\n\n\n\n<div class=\"wp-block-buttons is-layout-flex wp-block-buttons-is-layout-flex\">\n<div class=\"wp-block-button\"><a class=\"wp-block-button__link wp-element-button\" href=\"https:\/\/www.cdc.gov\/coronavirus\/2019-ncov\/your-health\/treatments-for-severe-illness.html\" target=\"_blank\" rel=\"noopener\">Informaci\u00f3n sobre tratamientos y medicamentos para la COVID-19 de los CDC<\/a><\/div>\n<\/div>\n","protected":false},"excerpt":{"rendered":"<p>Informaci\u00f3n y recursos relacionados con COVID-19, incluyendo c\u00f3mo programar una prueba o vacuna cerca de usted.  <\/p>\n","protected":false},"author":3,"featured_media":0,"parent":295,"menu_order":4,"comment_status":"closed","ping_status":"closed","template":"template-sidebar.php","meta":{"_acf_changed":false,"footnotes":""},"class_list":["post-543","page","type-page","status-publish","hentry"],"acf":[],"_links":{"self":[{"href":"https:\/\/cherryhealth.org\/es\/wp-json\/wp\/v2\/pages\/543","targetHints":{"allow":["GET"]}}],"collection":[{"href":"https:\/\/cherryhealth.org\/es\/wp-json\/wp\/v2\/pages"}],"about":[{"href":"https:\/\/cherryhealth.org\/es\/wp-json\/wp\/v2\/types\/page"}],"author":[{"embeddable":true,"href":"https:\/\/cherryhealth.org\/es\/wp-json\/wp\/v2\/users\/3"}],"replies":[{"embeddable":true,"href":"https:\/\/cherryhealth.org\/es\/wp-json\/wp\/v2\/comments?post=543"}],"version-history":[{"count":0,"href":"https:\/\/cherryhealth.org\/es\/wp-json\/wp\/v2\/pages\/543\/revisions"}],"up":[{"embeddable":true,"href":"https:\/\/cherryhealth.org\/es\/wp-json\/wp\/v2\/pages\/295"}],"wp:attachment":[{"href":"https:\/\/cherryhealth.org\/es\/wp-json\/wp\/v2\/media?parent=543"}],"curies":[{"name":"wp","href":"https:\/\/api.w.org\/{rel}","templated":true}]}}