{"id":545,"date":"2022-05-24T11:50:14","date_gmt":"2022-05-24T16:50:14","guid":{"rendered":"https:\/\/cherryhealth.org\/recursos-para-pacientes\/tarifa-movil\/"},"modified":"2022-10-06T14:17:19","modified_gmt":"2022-10-06T19:17:19","slug":"programa-de-pagos-variables-segun-sus-ingresos","status":"publish","type":"page","link":"https:\/\/cherryhealth.org\/es\/recursos-para-pacientes\/programa-de-pagos-variables-segun-sus-ingresos\/","title":{"rendered":"Programa de pagos variables seg\u00fan sus ingresos"},"content":{"rendered":"\r\n<section class=\"hero\" id=\"hero-block_cb5e437fb551969e3b6abd31ca88e87c\">\r\n    <div class=\"hero-grid\">\r\n        <div class=\"hero-text\">\r\n                        <h1 class=\"hero-headline\">\r\n                                    <div class=\"hero-headline-large\">Programa de pagos variables seg\u00fan sus ingresos<\/div>\r\n                            <\/h1>\r\n                            <div class=\"hero-teaser\"><p>Si no tiene seguro m\u00e9dico o le preocupa pagar la atenci\u00f3n, nuestro Programa de tarifa m\u00f3vil puede ayudarle. Adem\u00e1s, nuestro <a href=\"https:\/\/cherryhealth.org\/es\/recursos-para-pacientes\/seguro\/\" data-rich-text-format-boundary=\"true\">equipo de asistencia para seguros m\u00e9dicos<\/a> puede ayudarle a explorar sus opciones de seguros de salud y a inscribirse en un plan.<\/p>\n<\/div>\r\n                    <\/div>\r\n\r\n                    <div class=\"hero-photo-container photo\">\r\n                <figure class=\"hero-photo trigger\">\r\n                                        <div class=\"hero-photo-aspect\">\r\n                        <div class=\"hero-photo-img\" style=\"background-image: url(https:\/\/i0.wp.com\/cherryhealth.org\/wp-content\/uploads\/2022\/07\/Concerned-about-costs_7.7.22.png?resize=650%2C650&#038;ssl=1);\"><\/div>\r\n                        <div class=\"photo-callout-photo-solid\"><\/div>\r\n                    <\/div>\r\n\r\n                                    <\/figure>\r\n                <img decoding=\"async\" class=\"hero-photo-dots\" src=\"https:\/\/cherryhealth.org\/wp-content\/themes\/cherryhealth\/svg\/dot-grid.svg\" alt=\"\">\r\n            <\/div>\r\n            \r\n    <\/div>\r\n<\/section>\n\n\n<p><\/p>\n\n\n\n<h2 class=\"has-text-align-left wp-block-heading\"><strong>C\u00f3mo aplicar<\/strong><\/h2>\n\n\n\n<p>Recomendamos solicitar el Programa de pagos variables seg\u00fan sus ingresos la primera vez que visite. Nuestro personal de recepci\u00f3n puede proporcionarle el formulario y las instrucciones. La elegibilidad para el Programa de pagos variables seg\u00fan sus ingresos depende de sus ingresos y de la cantidad de personas en su familia. Tendr\u00e1 que llevar un documento que demuestre sus ingresos, como por ejemplo  <\/p>\n\n\n\n<ul class=\"wp-block-list\"><li>Tal\u00f3n de cheque de pago (de los \u00faltimos 12 meses)<\/li><li>Declaraci\u00f3n de impuestos 1040 (de los \u00faltimos 12 meses)<\/li><li>Carta de Invalidez o Seguro Social (de los \u00faltimos 12 meses)<\/li><li>Declaraciones de desempleo (de los \u00faltimos 6 meses)<\/li><li>Denegaci\u00f3n de servicios de Medicaid o elegibilidad para cupones de alimentos (de los \u00faltimos 6 meses)<\/li><li>Carta del representante de la iglesia (de los \u00faltimos 3 meses)<\/li><li>Declaraci\u00f3n del oficial de libertad condicional (de los \u00faltimos 3 meses)<\/li><li>Liberaci\u00f3n reciente de la c\u00e1rcel o prisi\u00f3n (de los \u00faltimos 3 meses)<\/li><\/ul>\n\n\n\n<p>Si solicita el Programa de tarifa m\u00f3vil en su primera visita y califica, puede recibir un descuento en esa visita sin prueba de ingresos. Para continuar recibiendo un descuento en la atenci\u00f3n, traiga su comprobante de ingresos lo antes posible.<\/p>\n\n\n\n<p>Si usted \u201cautodeclara\u201d sus ingresos y no trae prueba de ingresos a su pr\u00f3xima visita, ser\u00e1 responsable de pagar el monto total de los servicios hasta que presente prueba de ingresos.<\/p>\n\n\n\r\n<div class=\"accordion-grouping\" id=\"accordion-grouping-block_b1f0587170d867d3d5feed6bf69535c9\">\r\n                <h3 class=\"accordion-grouping-headline\">Preguntas frecuentes<\/h3>\r\n                    <div class=\"accordion\" data-open-key=\"accordion-key-block_b1f0587170d867d3d5feed6bf69535c9-1\">\r\n                <button class=\"accordion-header\" type=\"button\" aria-expanded=\"false\">\r\n                    <div class=\"accordion-header-title\">\u00bfCu\u00e1ntos talones de cheque\/estados de cuenta debo llevar?<\/div>\r\n                    <div class=\"accordion-header-icon\"><\/div>\r\n                <\/button>\r\n                <div class=\"accordion-content\" aria-hidden=\"true\">\r\n                    <div class=\"accordion-content-body\">\r\n                        <ul>\n<li>Si le pagan semanalmente, traiga 4 talones de cheque de pago.<\/li>\n<li>Si le pagan quincenalmente, traiga 2 talones de cheque de pago.<\/li>\n<li>Si le pagan dos veces al mes (1\/15 o 15\/30), traiga 2 talones de cheque de pago.<\/li>\n<li>Si recibe pagos mensuales del Seguro Social y\/o por discapacidad, traiga una carta de prueba de ingresos o una carta de Verificaci\u00f3n de beneficios que indique el monto mensual que se le paga.<\/li>\n<\/ul>\n                    <\/div>      \r\n                <\/div>\r\n            <\/div>\r\n                    <div class=\"accordion\" data-open-key=\"accordion-key-block_b1f0587170d867d3d5feed6bf69535c9-2\">\r\n                <button class=\"accordion-header\" type=\"button\" aria-expanded=\"false\">\r\n                    <div class=\"accordion-header-title\">\u00bfCu\u00e1nto debo?<\/div>\r\n                    <div class=\"accordion-header-icon\"><\/div>\r\n                <\/button>\r\n                <div class=\"accordion-content\" aria-hidden=\"true\">\r\n                    <div class=\"accordion-content-body\">\r\n                        <p>Su visita podr\u00eda costar tan solo $15, seg\u00fan sus ingresos y la cantidad de personas en su familia.<\/p>\n<p>Aqu\u00ed hay un ejemplo de c\u00f3mo funciona el programa de pagos variables seg\u00fan sus ingresos:<\/p>\n<ul>\n<li>Una familia de 4 con un ingreso mensual de menos de $2208 paga una tarifa fija de $15 por visita.<\/li>\n<li>Una familia de 4 con un ingreso mensual de $2208 a $2759 recibe un descuento del 75 %.<\/li>\n<li>Una familia de 4 con un ingreso mensual de $2,760\u2013$3,312 recibe un 50% de descuento.<\/li>\n<li>Una familia de 4 con un ingreso mensual de $3313 a $4417 recibe un descuento del 25 %.<\/li>\n<\/ul>\n<p>Deber\u00e1 pagar los servicios y cualquier monto que no se haya pagado en su cuenta el d\u00eda de su visita.<\/p>\n                    <\/div>      \r\n                <\/div>\r\n            <\/div>\r\n                    <div class=\"accordion\" data-open-key=\"accordion-key-block_b1f0587170d867d3d5feed6bf69535c9-3\">\r\n                <button class=\"accordion-header\" type=\"button\" aria-expanded=\"false\">\r\n                    <div class=\"accordion-header-title\">\u00bfEs Cherry Health una \u201ccl\u00ednica gratuita\u201d?<\/div>\r\n                    <div class=\"accordion-header-icon\"><\/div>\r\n                <\/button>\r\n                <div class=\"accordion-content\" aria-hidden=\"true\">\r\n                    <div class=\"accordion-content-body\">\r\n                        <p>No, incluso los pacientes sin seguro son responsables de una parte del precio de su atenci\u00f3n. Se espera que todos paguen la porci\u00f3n del precio que les corresponde el d\u00eda de su visita.<\/p>\n                    <\/div>      \r\n                <\/div>\r\n            <\/div>\r\n                    <div class=\"accordion\" data-open-key=\"accordion-key-block_b1f0587170d867d3d5feed6bf69535c9-4\">\r\n                <button class=\"accordion-header\" type=\"button\" aria-expanded=\"false\">\r\n                    <div class=\"accordion-header-title\">\u00bfQui\u00e9n paga los servicios que tienen descuento?<\/div>\r\n                    <div class=\"accordion-header-icon\"><\/div>\r\n                <\/button>\r\n                <div class=\"accordion-content\" aria-hidden=\"true\">\r\n                    <div class=\"accordion-content-body\">\r\n                        <p>El Programa de tarifa m\u00f3vil es posible gracias a las subvenciones federales a trav\u00e9s de la Oficina de Atenci\u00f3n Primaria de la Salud.<\/p>\n                    <\/div>      \r\n                <\/div>\r\n            <\/div>\r\n                    <div class=\"accordion\" data-open-key=\"accordion-key-block_b1f0587170d867d3d5feed6bf69535c9-5\">\r\n                <button class=\"accordion-header\" type=\"button\" aria-expanded=\"false\">\r\n                    <div class=\"accordion-header-title\">\u00bfTengo que ser ciudadano para solicitar el Programa de tarifa variable?<\/div>\r\n                    <div class=\"accordion-header-icon\"><\/div>\r\n                <\/button>\r\n                <div class=\"accordion-content\" aria-hidden=\"true\">\r\n                    <div class=\"accordion-content-body\">\r\n                        <p>No, no necesita ser ciudadano.<\/p>\n                    <\/div>      \r\n                <\/div>\r\n            <\/div>\r\n                    <div class=\"accordion\" data-open-key=\"accordion-key-block_b1f0587170d867d3d5feed6bf69535c9-6\">\r\n                <button class=\"accordion-header\" type=\"button\" aria-expanded=\"false\">\r\n                    <div class=\"accordion-header-title\">\u00bfQu\u00e9 sucede si recibo un estado de cuenta por correo?<\/div>\r\n                    <div class=\"accordion-header-icon\"><\/div>\r\n                <\/button>\r\n                <div class=\"accordion-content\" aria-hidden=\"true\">\r\n                    <div class=\"accordion-content-body\">\r\n                        <p>Recibir\u00e1 un estado de cuenta si no paga su parte de la factura el d\u00eda de su visita.<\/p>\n<p>Pagar el d\u00eda de su visita le brinda acceso continuo a los servicios de Cherry Health. Los cargos impagos pueden derivarse a una agencia de cobros para que tome medidas adicionales, por lo que es importante pagar a tiempo. Nuestro personal puede trabajar con usted para organizar un plan de pago, si es necesario.<\/p>\n<p>Muchos pacientes usan nuestro Programa de tarifa variable para ayudar con los costos. Si no ha solicitado el programa, llame a nuestro Departamento de Facturaci\u00f3n al 616-965-8282 para comenzar.<\/p>\n                    <\/div>      \r\n                <\/div>\r\n            <\/div>\r\n                    <div class=\"accordion\" data-open-key=\"accordion-key-block_b1f0587170d867d3d5feed6bf69535c9-7\">\r\n                <button class=\"accordion-header\" type=\"button\" aria-expanded=\"false\">\r\n                    <div class=\"accordion-header-title\">Tengo que pagar mucho dinero antes de que mi seguro pague por mi atenci\u00f3n m\u00e9dica; \u00bfPuedo solicitar el Programa de tarifa m\u00f3vil?<\/div>\r\n                    <div class=\"accordion-header-icon\"><\/div>\r\n                <\/button>\r\n                <div class=\"accordion-content\" aria-hidden=\"true\">\r\n                    <div class=\"accordion-content-body\">\r\n                        <p>Si Cherry Health participa en su plan de seguro, sus contribuciones a nuestro Programa de tarifa variable se pueden aplicar a su deducible y coseguro anual. Sin embargo, seguir\u00e1 siendo responsable de cualquier copago que requiera su seguro. Llame al 616-965-8282 para analizar su situaci\u00f3n con un coordinador de facturaci\u00f3n.<\/p>\n                    <\/div>      \r\n                <\/div>\r\n            <\/div>\r\n                    <div class=\"accordion\" data-open-key=\"accordion-key-block_b1f0587170d867d3d5feed6bf69535c9-8\">\r\n                <button class=\"accordion-header\" type=\"button\" aria-expanded=\"false\">\r\n                    <div class=\"accordion-header-title\">\u00bfTodos los servicios del centro de salud tienen descuento?<\/div>\r\n                    <div class=\"accordion-header-icon\"><\/div>\r\n                <\/button>\r\n                <div class=\"accordion-content\" aria-hidden=\"true\">\r\n                    <div class=\"accordion-content-body\">\r\n                        <p>Algunos servicios especiales ofrecidos a trav\u00e9s de Cherry Health, como dentaduras postizas, anteojos y control de la natalidad, tienen tarifas fijas m\u00e1s bajas para pacientes sin seguro que califican. Aseg\u00farese de discutir las tarifas de esos servicios antes de su cita. Llame a nuestro Departamento de Facturaci\u00f3n al 616-965-8282 para m\u00e1s detalles.<\/p>\n                    <\/div>      \r\n                <\/div>\r\n            <\/div>\r\n                    <div class=\"accordion\" data-open-key=\"accordion-key-block_b1f0587170d867d3d5feed6bf69535c9-9\">\r\n                <button class=\"accordion-header\" type=\"button\" aria-expanded=\"false\">\r\n                    <div class=\"accordion-header-title\">\u00bfQu\u00e9 pasa si no tengo ning\u00fan ingreso?<\/div>\r\n                    <div class=\"accordion-header-icon\"><\/div>\r\n                <\/button>\r\n                <div class=\"accordion-content\" aria-hidden=\"true\">\r\n                    <div class=\"accordion-content-body\">\r\n                        <p>Nuestro Departamento de Facturaci\u00f3n est\u00e1 aqu\u00ed para ayudar. Es posible que te hagan preguntas como: \u00ab\u00bfD\u00f3nde vives?\u00bb y, \u00ab\u00bfC\u00f3mo paga la comida?\u00bb para tener una idea de su situaci\u00f3n.<\/p>\n                    <\/div>      \r\n                <\/div>\r\n            <\/div>\r\n                    <div class=\"accordion\" data-open-key=\"accordion-key-block_b1f0587170d867d3d5feed6bf69535c9-10\">\r\n                <button class=\"accordion-header\" type=\"button\" aria-expanded=\"false\">\r\n                    <div class=\"accordion-header-title\">\u00bfLa informaci\u00f3n de mis ingresos es confidencial?<\/div>\r\n                    <div class=\"accordion-header-icon\"><\/div>\r\n                <\/button>\r\n                <div class=\"accordion-content\" aria-hidden=\"true\">\r\n                    <div class=\"accordion-content-body\">\r\n                        <p>S\u00ed, toda la informaci\u00f3n que recopilamos sobre usted es confidencial.<\/p>\n                    <\/div>      \r\n                <\/div>\r\n            <\/div>\r\n                    <div class=\"accordion\" data-open-key=\"accordion-key-block_b1f0587170d867d3d5feed6bf69535c9-11\">\r\n                <button class=\"accordion-header\" type=\"button\" aria-expanded=\"false\">\r\n                    <div class=\"accordion-header-title\">\u00bfQu\u00e9 pasa si tengo un \u201cspend down\u201d o gasto m\u00ednimo de Medicaid para cumplir?<\/div>\r\n                    <div class=\"accordion-header-icon\"><\/div>\r\n                <\/button>\r\n                <div class=\"accordion-content\" aria-hidden=\"true\">\r\n                    <div class=\"accordion-content-body\">\r\n                        <p>Puede calificar para servicios con descuento antes de alcanzar su reducci\u00f3n de gastos. Sin embargo, solo sus tarifas con descuento se destinar\u00e1n a cumplir con su gasto.<\/p>\n                    <\/div>      \r\n                <\/div>\r\n            <\/div>\r\n            \t\t\t\t\r\n<\/div>\r\n\n\n\n<h3 class=\"has-text-align-left wp-block-heading\"><strong>C\u00f3mo obtener m\u00e1s informaci\u00f3n<\/strong><\/h3>\n\n\n\n<p><\/p>\n\n\n\n<p>Si tiene alguna pregunta sobre nuestro Programa de tarifa variable u otras preguntas relacionadas con el pago, comun\u00edquese con nuestro Departamento de facturaci\u00f3n al 616-965-8282 para hablar con un coordinador de facturaci\u00f3n.<\/p>\n","protected":false},"excerpt":{"rendered":"<p>Si no tiene seguro de salud o le preocupa pagar la atenci\u00f3n, solicite nuestro Programa de tarifa m\u00f3vil basado en los ingresos.<\/p>\n","protected":false},"author":3,"featured_media":0,"parent":295,"menu_order":0,"comment_status":"closed","ping_status":"closed","template":"template-sidebar.php","meta":{"_acf_changed":false,"footnotes":""},"class_list":["post-545","page","type-page","status-publish","hentry"],"acf":[],"_links":{"self":[{"href":"https:\/\/cherryhealth.org\/es\/wp-json\/wp\/v2\/pages\/545","targetHints":{"allow":["GET"]}}],"collection":[{"href":"https:\/\/cherryhealth.org\/es\/wp-json\/wp\/v2\/pages"}],"about":[{"href":"https:\/\/cherryhealth.org\/es\/wp-json\/wp\/v2\/types\/page"}],"author":[{"embeddable":true,"href":"https:\/\/cherryhealth.org\/es\/wp-json\/wp\/v2\/users\/3"}],"replies":[{"embeddable":true,"href":"https:\/\/cherryhealth.org\/es\/wp-json\/wp\/v2\/comments?post=545"}],"version-history":[{"count":0,"href":"https:\/\/cherryhealth.org\/es\/wp-json\/wp\/v2\/pages\/545\/revisions"}],"up":[{"embeddable":true,"href":"https:\/\/cherryhealth.org\/es\/wp-json\/wp\/v2\/pages\/295"}],"wp:attachment":[{"href":"https:\/\/cherryhealth.org\/es\/wp-json\/wp\/v2\/media?parent=545"}],"curies":[{"name":"wp","href":"https:\/\/api.w.org\/{rel}","templated":true}]}}